{"id":70,"date":"2020-01-21T07:18:57","date_gmt":"2020-01-21T07:18:57","guid":{"rendered":"https:\/\/www.rdregnskab.dk\/?page_id=70"},"modified":"2020-09-28T19:58:26","modified_gmt":"2020-09-28T19:58:26","slug":"soeger-du-hjaelp-til-dit-bogholderi","status":"publish","type":"page","link":"https:\/\/www.rdregnskab.dk\/","title":{"rendered":"S\u00f8ger du hj\u00e6lp til dit bogholderi ?"},"content":{"rendered":"\n<p><\/p>\n\n\n\n<p class=\"has-text-align-left has-normal-font-size\"><strong>RD Regnskab<\/strong> tilbyder regnskabsassistance til selvst\u00e6ndige erhvervsdrivende med bogf\u00f8ring og \u00f8konomistyring.<\/p>\n\n\n\n<p class=\"has-text-align-left\">Jeg skr\u00e6ddersyer gerne en l\u00f8sning efter dine \u00f8nsker og behov &#8211; s\u00e5 har du tid til dine kerneopgaver og slipper af med den tunge regnskabsm\u00e6ssige byrde i hverdagen.<\/p>\n\n\n\n<p class=\"has-text-align-left\">Jeg tilbyder min assistance p\u00e5 timebasis med en fast timepris &#8211; kontakt mig for n\u00e6rmere oplysning.<\/p>\n\n\n\n<p class=\"has-text-align-left\">Som info arbejder jeg med e-conomic online regnskabsprogram. Jeg kan hj\u00e6lpe med oprettelse og overf\u00f8rsel til e-conomic, hvis du ikke allerede benytter dette program.<\/p>\n\n\n\n<p>Erfaring med f\u00f8lgende brancher:<\/p>\n\n\n\n<p><strong>H\u00e5ndv\u00e6rker &#8211; Kunstner &#8211; S\u00e6lger &#8211; Entrepren\u00f8r &#8211; Fitness &#8211; Butik &#8211; Websalg &#8211; Caf\u00e9 og Restaurant.<\/strong><\/p>\n\n\n\n<p>Erfaring med f\u00f8lgende firmastruktur:<\/p>\n\n\n\n<p><strong>ApS &#8211; Enkeltmandsvirksomhed og L\u00f8nsumsvirksomheder.<\/strong><\/p>\n","protected":false},"excerpt":{"rendered":"<p>RD Regnskab tilbyder regnskabsassistance til selvst\u00e6ndige erhvervsdrivende med bogf\u00f8ring og \u00f8konomistyring. Jeg skr\u00e6ddersyer gerne en l\u00f8sning efter dine \u00f8nsker og behov &#8211; s\u00e5 har du tid til dine kerneopgaver og slipper af med den tunge regnskabsm\u00e6ssige byrde i hverdagen. Jeg tilbyder min assistance p\u00e5 timebasis med en fast timepris &#8211; kontakt mig for n\u00e6rmere oplysning. Som info arbejder jeg med e-conomic online regnskabsprogram. Jeg kan hj\u00e6lpe med oprettelse og overf\u00f8rsel til e-conomic, hvis du ikke allerede benytter dette program. Erfaring med f\u00f8lgende brancher: H\u00e5ndv\u00e6rker &#8211; Kunstner &#8211; S\u00e6lger &#8211; Entrepren\u00f8r &#8211; Fitness &#8211; Butik &#8211; Websalg &#8211; Caf\u00e9 og Restaurant. Erfaring med f\u00f8lgende firmastruktur: ApS &#8211; Enkeltmandsvirksomhed og L\u00f8nsumsvirksomheder.<\/p>\n","protected":false},"author":1,"featured_media":0,"parent":0,"menu_order":0,"comment_status":"closed","ping_status":"closed","template":"","meta":{"footnotes":""},"class_list":["post-70","page","type-page","status-publish","hentry"],"_links":{"self":[{"href":"https:\/\/www.rdregnskab.dk\/index.php\/wp-json\/wp\/v2\/pages\/70","targetHints":{"allow":["GET"]}}],"collection":[{"href":"https:\/\/www.rdregnskab.dk\/index.php\/wp-json\/wp\/v2\/pages"}],"about":[{"href":"https:\/\/www.rdregnskab.dk\/index.php\/wp-json\/wp\/v2\/types\/page"}],"author":[{"embeddable":true,"href":"https:\/\/www.rdregnskab.dk\/index.php\/wp-json\/wp\/v2\/users\/1"}],"replies":[{"embeddable":true,"href":"https:\/\/www.rdregnskab.dk\/index.php\/wp-json\/wp\/v2\/comments?post=70"}],"version-history":[{"count":42,"href":"https:\/\/www.rdregnskab.dk\/index.php\/wp-json\/wp\/v2\/pages\/70\/revisions"}],"predecessor-version":[{"id":383,"href":"https:\/\/www.rdregnskab.dk\/index.php\/wp-json\/wp\/v2\/pages\/70\/revisions\/383"}],"wp:attachment":[{"href":"https:\/\/www.rdregnskab.dk\/index.php\/wp-json\/wp\/v2\/media?parent=70"}],"curies":[{"name":"wp","href":"https:\/\/api.w.org\/{rel}","templated":true}]}}