{"id":7,"date":"2020-01-20T16:22:37","date_gmt":"2020-01-20T16:22:37","guid":{"rendered":"https:\/\/www.rdregnskab.dk\/?page_id=7"},"modified":"2020-09-28T20:58:36","modified_gmt":"2020-09-28T20:58:36","slug":"om","status":"publish","type":"page","link":"https:\/\/www.rdregnskab.dk\/index.php\/om\/","title":{"rendered":"Om"},"content":{"rendered":"\n<p class=\"has-drop-cap has-text-align-left\">Jeg har en bred uddannelse indenfor regnskab og \u00f8konomi samt personaleadministration, men har ogs\u00e5 besk\u00e6ftiget mig en del med rekruttering og er tidligt i min karriere uddannet job- og uddannelsesr\u00e5dgiver.<\/p>\n\n\n\n<div style=\"height:20px\" aria-hidden=\"true\" class=\"wp-block-spacer\"><\/div>\n\n\n\n<p class=\"has-text-align-left\">\u00d8konomi og regnskab har min store interesse, og jeg holder mig l\u00f8bende orienteret om nye regler p\u00e5 bogf\u00f8rings- og revisionsomr\u00e5det samt \u00e6ndringer af procedure for udarbejdelse af regnskabet. <\/p>\n\n\n\n<p class=\"has-text-align-left\">Jeg s\u00e6tter en \u00e6re i at fungere som din sparringspartner og fortrolig r\u00e5dgiver, n\u00e5r det kommer til dit regnskab. Jeg tilbyder optimalt r\u00e5dgivning baseret p\u00e5 kvalitet, hurtighed, tilg\u00e6ngelighed og trov\u00e6rdighed.&nbsp;<\/p>\n\n\n\n<div style=\"height:20px\" aria-hidden=\"true\" class=\"wp-block-spacer\"><\/div>\n\n\n\n<p>Arbejdsgiver-r\u00e6kken de sidste 20 \u00e5r omfatter:<\/p>\n\n\n\n<div style=\"height:20px\" aria-hidden=\"true\" class=\"wp-block-spacer\"><\/div>\n\n\n\n<ul class=\"wp-block-list\"><li>Maersk Drilling i Esbjerg og Lyngby<\/li><li>Maersk Oil i Doha, Qatar (Mellem\u00f8sten)<\/li><li>Milj\u00f8ministeriet i K\u00f8benhavn K<\/li><li>Skov- og Naturstyrelsen i K\u00f8benhavn \u00d8<\/li><li>JKS A\/S i Slagelse og Hiller\u00f8d<\/li><li>Formidlingscenter Midtsj\u00e6lland i Ringsted<\/li><li>Sk\u00e6lsk\u00f8r Kommune i Sk\u00e6lsk\u00f8r<\/li><\/ul>\n\n\n\n<div style=\"height:20px\" aria-hidden=\"true\" class=\"wp-block-spacer\"><\/div>\n\n\n\n<figure class=\"wp-block-image size-large is-resized\"><img loading=\"lazy\" decoding=\"async\" src=\"https:\/\/www.rdregnskab.dk\/wp-content\/uploads\/2020\/01\/500D4F1F-1CBC-49E1-B395-C03B871366CD-1024x683.jpeg\" alt=\"\" class=\"wp-image-199\" width=\"484\" height=\"322\" srcset=\"https:\/\/www.rdregnskab.dk\/wp-content\/uploads\/2020\/01\/500D4F1F-1CBC-49E1-B395-C03B871366CD-1024x683.jpeg 1024w, https:\/\/www.rdregnskab.dk\/wp-content\/uploads\/2020\/01\/500D4F1F-1CBC-49E1-B395-C03B871366CD-300x200.jpeg 300w, https:\/\/www.rdregnskab.dk\/wp-content\/uploads\/2020\/01\/500D4F1F-1CBC-49E1-B395-C03B871366CD-768x512.jpeg 768w, https:\/\/www.rdregnskab.dk\/wp-content\/uploads\/2020\/01\/500D4F1F-1CBC-49E1-B395-C03B871366CD-1536x1024.jpeg 1536w, https:\/\/www.rdregnskab.dk\/wp-content\/uploads\/2020\/01\/500D4F1F-1CBC-49E1-B395-C03B871366CD-2048x1366.jpeg 2048w\" sizes=\"auto, (max-width: 484px) 100vw, 484px\" \/><\/figure>\n","protected":false},"excerpt":{"rendered":"<p>Jeg har en bred uddannelse indenfor regnskab og \u00f8konomi samt personaleadministration, men har ogs\u00e5 besk\u00e6ftiget mig en del med rekruttering og er tidligt i min karriere uddannet job- og uddannelsesr\u00e5dgiver. \u00d8konomi og regnskab har min store interesse, og jeg holder mig l\u00f8bende orienteret om nye regler p\u00e5 bogf\u00f8rings- og revisionsomr\u00e5det samt \u00e6ndringer af procedure for udarbejdelse af regnskabet. Jeg s\u00e6tter en \u00e6re i at fungere som din sparringspartner og fortrolig r\u00e5dgiver, n\u00e5r det kommer til dit regnskab. Jeg tilbyder optimalt r\u00e5dgivning baseret p\u00e5 kvalitet, hurtighed, tilg\u00e6ngelighed og trov\u00e6rdighed.&nbsp; Arbejdsgiver-r\u00e6kken de sidste 20 \u00e5r omfatter: Maersk Drilling i Esbjerg og Lyngby Maersk Oil i Doha, Qatar (Mellem\u00f8sten) Milj\u00f8ministeriet i K\u00f8benhavn K Skov- og Naturstyrelsen i K\u00f8benhavn \u00d8 JKS A\/S i Slagelse og Hiller\u00f8d Formidlingscenter Midtsj\u00e6lland i Ringsted Sk\u00e6lsk\u00f8r Kommune i Sk\u00e6lsk\u00f8r<\/p>\n","protected":false},"author":1,"featured_media":0,"parent":0,"menu_order":0,"comment_status":"closed","ping_status":"closed","template":"","meta":{"footnotes":""},"class_list":["post-7","page","type-page","status-publish","hentry"],"_links":{"self":[{"href":"https:\/\/www.rdregnskab.dk\/index.php\/wp-json\/wp\/v2\/pages\/7","targetHints":{"allow":["GET"]}}],"collection":[{"href":"https:\/\/www.rdregnskab.dk\/index.php\/wp-json\/wp\/v2\/pages"}],"about":[{"href":"https:\/\/www.rdregnskab.dk\/index.php\/wp-json\/wp\/v2\/types\/page"}],"author":[{"embeddable":true,"href":"https:\/\/www.rdregnskab.dk\/index.php\/wp-json\/wp\/v2\/users\/1"}],"replies":[{"embeddable":true,"href":"https:\/\/www.rdregnskab.dk\/index.php\/wp-json\/wp\/v2\/comments?post=7"}],"version-history":[{"count":38,"href":"https:\/\/www.rdregnskab.dk\/index.php\/wp-json\/wp\/v2\/pages\/7\/revisions"}],"predecessor-version":[{"id":401,"href":"https:\/\/www.rdregnskab.dk\/index.php\/wp-json\/wp\/v2\/pages\/7\/revisions\/401"}],"wp:attachment":[{"href":"https:\/\/www.rdregnskab.dk\/index.php\/wp-json\/wp\/v2\/media?parent=7"}],"curies":[{"name":"wp","href":"https:\/\/api.w.org\/{rel}","templated":true}]}}