{"id":202,"date":"2020-01-30T12:19:38","date_gmt":"2020-01-30T12:19:38","guid":{"rendered":"https:\/\/www.rdregnskab.dk\/?page_id=202"},"modified":"2020-09-28T20:52:35","modified_gmt":"2020-09-28T20:52:35","slug":"loen","status":"publish","type":"page","link":"https:\/\/www.rdregnskab.dk\/index.php\/loen\/","title":{"rendered":"L\u00f8n"},"content":{"rendered":"\n<p class=\"has-drop-cap\">Jeg tilbyder at forest\u00e5 gennemf\u00f8rsel af l\u00f8nprocesser for dine ansatte.<br><\/p>\n\n\n\n<div style=\"height:20px\" aria-hidden=\"true\" class=\"wp-block-spacer\"><\/div>\n\n\n\n<p class=\"has-text-align-left\">Korrekt l\u00f8n til tiden, er en af de absolut vigtigste parametre for ansattes holdning til virksomheden de arbejder i. Jeg klar til at guide dig til den bedste l\u00f8sning for din virksomhed samt til at assistere med h\u00e5ndteringen heraf, eventuel gennemgang af overenskomst og hvad der ellers m\u00e5tte opst\u00e5 af sp\u00f8rgsm\u00e5l i forbindelse med l\u00f8nk\u00f8rslen.<\/p>\n\n\n\n<p>Arbejder dagligt med:<\/p>\n\n\n\n<ul class=\"wp-block-list\"><li>L\u00f8nudbetaling for timel\u00f8nnede og funktion\u00e6rer&nbsp;<\/li><li>Behandlingen af timesedler<\/li><li>Hens\u00e6ttelser af &#8211; og afregning af ferie (ny ferielov)<\/li><li>Opdatering af overenskomster<\/li><li>Indberetning af pension<\/li><\/ul>\n\n\n\n<p><\/p>\n\n\n\n<p>Superbruger i l\u00f8nsystemet Danl\u00f8n. <br><\/p>\n","protected":false},"excerpt":{"rendered":"<p>Jeg tilbyder at forest\u00e5 gennemf\u00f8rsel af l\u00f8nprocesser for dine ansatte. Korrekt l\u00f8n til tiden, er en af de absolut vigtigste parametre for ansattes holdning til virksomheden de arbejder i. Jeg klar til at guide dig til den bedste l\u00f8sning for din virksomhed samt til at assistere med h\u00e5ndteringen heraf, eventuel gennemgang af overenskomst og hvad der ellers m\u00e5tte opst\u00e5 af sp\u00f8rgsm\u00e5l i forbindelse med l\u00f8nk\u00f8rslen. Arbejder dagligt med: L\u00f8nudbetaling for timel\u00f8nnede og funktion\u00e6rer&nbsp; Behandlingen af timesedler Hens\u00e6ttelser af &#8211; og afregning af ferie (ny ferielov) Opdatering af overenskomster Indberetning af pension Superbruger i l\u00f8nsystemet Danl\u00f8n.<\/p>\n","protected":false},"author":1,"featured_media":0,"parent":0,"menu_order":0,"comment_status":"closed","ping_status":"closed","template":"","meta":{"footnotes":""},"class_list":["post-202","page","type-page","status-publish","hentry"],"_links":{"self":[{"href":"https:\/\/www.rdregnskab.dk\/index.php\/wp-json\/wp\/v2\/pages\/202","targetHints":{"allow":["GET"]}}],"collection":[{"href":"https:\/\/www.rdregnskab.dk\/index.php\/wp-json\/wp\/v2\/pages"}],"about":[{"href":"https:\/\/www.rdregnskab.dk\/index.php\/wp-json\/wp\/v2\/types\/page"}],"author":[{"embeddable":true,"href":"https:\/\/www.rdregnskab.dk\/index.php\/wp-json\/wp\/v2\/users\/1"}],"replies":[{"embeddable":true,"href":"https:\/\/www.rdregnskab.dk\/index.php\/wp-json\/wp\/v2\/comments?post=202"}],"version-history":[{"count":16,"href":"https:\/\/www.rdregnskab.dk\/index.php\/wp-json\/wp\/v2\/pages\/202\/revisions"}],"predecessor-version":[{"id":399,"href":"https:\/\/www.rdregnskab.dk\/index.php\/wp-json\/wp\/v2\/pages\/202\/revisions\/399"}],"wp:attachment":[{"href":"https:\/\/www.rdregnskab.dk\/index.php\/wp-json\/wp\/v2\/media?parent=202"}],"curies":[{"name":"wp","href":"https:\/\/api.w.org\/{rel}","templated":true}]}}